{"id":15572,"date":"2025-08-05T20:04:00","date_gmt":"2025-08-05T20:04:00","guid":{"rendered":"https:\/\/lacitedesservices.fr\/?page_id=15572"},"modified":"2025-10-19T17:04:42","modified_gmt":"2025-10-19T17:04:42","slug":"mentions-legales","status":"publish","type":"page","link":"https:\/\/lacitedesservices.fr\/fr\/mentions-legales\/","title":{"rendered":"Mentions L\u00e9gales"},"content":{"rendered":"<div data-elementor-type=\"wp-page\" data-elementor-id=\"15572\" class=\"elementor elementor-15572\" data-elementor-post-type=\"page\">\n\t\t\t\t<div class=\"elementor-element elementor-element-c56f167 e-flex e-con-boxed e-con e-parent\" data-id=\"c56f167\" data-element_type=\"container\">\n\t\t\t\t\t<div class=\"e-con-inner\">\n\t\t\t\t<div class=\"elementor-element elementor-element-8a5e568 elementor-widget elementor-widget-text-editor\" data-id=\"8a5e568\" data-element_type=\"widget\" data-widget_type=\"text-editor.default\">\n\t\t\t\t<div class=\"elementor-widget-container\">\n\t\t\t\t\t\t\t\t\t<div class=\"legal-mentions\"><p>Conform\u00e9ment \u00e0 la loi n\u00b02004-575 du 21 juin 2004 pour la confiance dans l\u2019\u00e9conomie num\u00e9rique (LCEN), il est pr\u00e9cis\u00e9<br \/>aux utilisateurs du site l\u2019identit\u00e9 des diff\u00e9rents intervenants dans le cadre de sa r\u00e9alisation et de son suivi.<\/p><hr \/><h3>1. \u00c9diteur du site<\/h3><ul><li><strong>Nom du site :<\/strong> La Cit\u00e9 des Services<\/li><li><strong>Adresse :<\/strong> 8, rue lakanal. 69100 Villeurbanne.<\/li><li><strong>Adresse e-mail :<\/strong> <a href=\"mailto:contact@lacitedesservices.fr\">contact@lacitedesservices.com<\/a><\/li><\/ul><hr \/><h3>2. H\u00e9bergement du site<\/h3><p>Le site est h\u00e9berg\u00e9 par :<\/p><ul><li><strong>Nom de l'h\u00e9bergeur :<\/strong> Hostinger<\/li><li><strong>Adresse : <\/strong>Hostinger, UAB Jonavos g. 60C, 44192<\/li><li><strong>Site web :<\/strong> https:\/\/www.hostinger.com\/fr\/<\/li><\/ul><hr \/><h3>3. Propri\u00e9t\u00e9 intellectuelle<\/h3><p>L\u2019ensemble des contenus pr\u00e9sents sur le site (textes, images, illustrations, logo, vid\u00e9os, fichiers, etc.) sont la<br \/>propri\u00e9t\u00e9 exclusive de La Cit\u00e9 des Services, sauf mention contraire, et sont prot\u00e9g\u00e9s par le droit de la propri\u00e9t\u00e9<br \/>intellectuelle.<\/p><p>Toute reproduction, repr\u00e9sentation, modification ou exploitation, partielle ou totale, est interdite sans<br \/>autorisation \u00e9crite pr\u00e9alable.<\/p><hr \/><h3>4. Collecte de donn\u00e9es personnelles<\/h3><p>Les informations personnelles \u00e9ventuellement collect\u00e9es sur le site (via les formulaires de contact, inscription,<br \/>demande de services\u2026) sont destin\u00e9es \u00e0 un usage strictement interne.<\/p><p>Elles sont conserv\u00e9es de mani\u00e8re confidentielle et s\u00e9curis\u00e9e, et ne sont en aucun cas c\u00e9d\u00e9es ou vendues \u00e0 des<br \/>tiers.<\/p><p>Conform\u00e9ment \u00e0 la loi Informatique et Libert\u00e9s et au RGPD, vous disposez d\u2019un droit d\u2019acc\u00e8s, de rectification,<br \/>d\u2019opposition et de suppression des donn\u00e9es vous concernant.<\/p><p>Vous pouvez exercer ces droits en nous contactant \u00e0 l'adresse : <a href=\"mailto:contact@lacitedesservices.fr\">contact@lacitedesservices.fr<\/a><\/p><hr \/><h3>5. Cookies<\/h3><p>Le site La Cit\u00e9 des Services peut d\u00e9poser des cookies dans votre navigateur \u00e0 des fins de navigation, de<br \/>statistiques ou de services.<\/p><p>Vous pouvez \u00e0 tout moment modifier vos pr\u00e9f\u00e9rences dans les param\u00e8tres de votre navigateur ou via le bandeau de<br \/>gestion des cookies du site.<\/p><hr \/><h3>6. Limitation de responsabilit\u00e9<\/h3><p>La Cit\u00e9 des Services s\u2019efforce d\u2019assurer l\u2019exactitude et la mise \u00e0 jour des informations diffus\u00e9es sur le site,<br \/>mais ne peut garantir l\u2019absence d\u2019erreurs ou d\u2019omissions.<\/p><p>L\u2019\u00e9diteur ne pourra \u00eatre tenu responsable de tout dommage direct ou indirect r\u00e9sultant de l\u2019acc\u00e8s ou de<br \/>l\u2019utilisation du site.<\/p><hr \/><h3>7. Liens externes<\/h3><p>Le site peut contenir des liens vers d\u2019autres sites. La Cit\u00e9 des Services n\u2019exerce aucun contr\u00f4le sur le contenu de<br \/>ces sites et d\u00e9cline toute responsabilit\u00e9 quant \u00e0 leur contenu ou leurs pratiques.<\/p><\/div>\t\t\t\t\t\t\t\t<\/div>\n\t\t\t\t<\/div>\n\t\t\t\t\t<\/div>\n\t\t\t\t<\/div>\n\t\t\t\t<\/div>","protected":false},"excerpt":{"rendered":"<p>Conform\u00e9ment \u00e0 la loi n\u00b02004-575 du 21 juin 2004 pour la confiance dans l\u2019\u00e9conomie num\u00e9rique (LCEN), il est pr\u00e9cis\u00e9aux utilisateurs du site l\u2019identit\u00e9 des diff\u00e9rents intervenants dans le cadre de sa r\u00e9alisation et de son suivi. 1. \u00c9diteur du site Nom du site : La Cit\u00e9 des Services Adresse : 8,&#8230;<\/p>","protected":false},"author":1,"featured_media":0,"parent":0,"menu_order":0,"comment_status":"closed","ping_status":"closed","template":"","meta":{"_acf_changed":false,"footnotes":""},"class_list":["post-15572","page","type-page","status-publish","hentry"],"acf":[],"_links":{"self":[{"href":"https:\/\/lacitedesservices.fr\/fr\/wp-json\/wp\/v2\/pages\/15572","targetHints":{"allow":["GET"]}}],"collection":[{"href":"https:\/\/lacitedesservices.fr\/fr\/wp-json\/wp\/v2\/pages"}],"about":[{"href":"https:\/\/lacitedesservices.fr\/fr\/wp-json\/wp\/v2\/types\/page"}],"author":[{"embeddable":true,"href":"https:\/\/lacitedesservices.fr\/fr\/wp-json\/wp\/v2\/users\/1"}],"replies":[{"embeddable":true,"href":"https:\/\/lacitedesservices.fr\/fr\/wp-json\/wp\/v2\/comments?post=15572"}],"version-history":[{"count":5,"href":"https:\/\/lacitedesservices.fr\/fr\/wp-json\/wp\/v2\/pages\/15572\/revisions"}],"predecessor-version":[{"id":16368,"href":"https:\/\/lacitedesservices.fr\/fr\/wp-json\/wp\/v2\/pages\/15572\/revisions\/16368"}],"wp:attachment":[{"href":"https:\/\/lacitedesservices.fr\/fr\/wp-json\/wp\/v2\/media?parent=15572"}],"curies":[{"name":"wp","href":"https:\/\/api.w.org\/{rel}","templated":true}]}}