{"id":42,"date":"2024-04-22T12:22:06","date_gmt":"2024-04-22T12:22:06","guid":{"rendered":"https:\/\/workreap.amentotech.com\/?page_id=42"},"modified":"2025-10-05T18:31:42","modified_gmt":"2025-10-05T18:31:42","slug":"login","status":"publish","type":"page","link":"https:\/\/lacitedesservices.fr\/fr\/login\/","title":{"rendered":"Login"},"content":{"rendered":"<div data-elementor-type=\"wp-page\" data-elementor-id=\"42\" class=\"elementor elementor-42\" data-elementor-post-type=\"page\">\n\t\t\t\t\t\t<section class=\"elementor-section elementor-top-section elementor-element elementor-element-c727f68 elementor-section-full_width elementor-section-stretched elementor-section-content-middle elementor-section-height-min-height elementor-section-items-stretch elementor-section-height-default\" data-id=\"c727f68\" data-element_type=\"section\" data-settings=\"{&quot;stretch_section&quot;:&quot;section-stretched&quot;,&quot;background_background&quot;:&quot;classic&quot;}\">\n\t\t\t\t\t\t<div class=\"elementor-container elementor-column-gap-custom\">\n\t\t\t\t\t<div class=\"elementor-column elementor-col-100 elementor-top-column elementor-element elementor-element-02fbc46\" data-id=\"02fbc46\" data-element_type=\"column\" data-settings=\"{&quot;background_background&quot;:&quot;classic&quot;}\">\n\t\t\t<div class=\"elementor-widget-wrap elementor-element-populated\">\n\t\t\t\t\t\t<div class=\"elementor-element elementor-element-a3224cc elementor-widget__width-initial elementor-widget-tablet__width-inherit elementor-widget elementor-widget-workreap_element_authentication\" data-id=\"a3224cc\" data-element_type=\"widget\" data-widget_type=\"workreap_element_authentication.default\">\n\t\t\t\t<div class=\"elementor-widget-container\">\n\t\t\t\t\t\t\t\t<div class=\"wr-sc-shortcode wr-haslayout\">\r\n\t\t\t\t<div class=\"wr-loginconatiner\">\r\n        <div class=\"wr-popupcontainer\">\r\n        <div class=\"wr-login_title\">\r\n                            <a href=\"https:\/\/lacitedesservices.fr\/fr\/\">\r\n                    <img decoding=\"async\" src=\"https:\/\/lacitedesservices.fr\/wp-content\/uploads\/2025\/08\/image.psd1_.png\" alt=\"Sign In\">\r\n                <\/a>\r\n                                        <h5>Veuillez saisir votre adresse \u00e9lectronique et votre mot de passe pour acc\u00e9der \u00e0 votre compte.<\/h5>\r\n                    <\/div>\r\n        <div class=\"wr-login-content wr-popup-content\">\r\n            <form class=\"wr-themeform wr-formlogin\" id=\"wr-formlogin\" action=\"\">\r\n                <fieldset>\r\n                    <div class=\"wr-themeform__wrap\">\r\n                                                <div class=\"form-group\">\r\n                            <div class=\"wr-placeholderholder\">\r\n                                <label for=\"email\">Courriel<\/label>\r\n                                <input type=\"hidden\" name=\"redirect\" value=\"\">\r\n                                <input id=\"email\" name=\"signin[email]\" type=\"text\" class=\"form-control\" required=\"required\" placeholder=\"Please enter your email address\">\r\n                            <\/div>\r\n                        <\/div>\r\n                        <div class=\"form-group\">\r\n                            <div class=\"wr-placeholderholder\">\r\n                                <label for=\"password\">Mot de passe<\/label>\r\n                                <div class=\"user-password-filed-wrapper\">\r\n                                    <input id=\"password\" type=\"password\" name=\"signin[user_password]\" class=\"form-control\" required=\"required\" placeholder=\"Please enter your password\">\r\n                                    <span data-field=\"password\" class=\"user-password-reveal\"><i class=\"wr-icon-eye\"><\/i><\/span>\r\n                                <\/div>\r\n                            <\/div>\r\n                        <\/div>\r\n                                                                        <div class=\"form-group wr-form-action\">\r\n                            <div class=\"wr-checkbox\">\r\n                                <input name=\"rememberme\" type=\"checkbox\" id=\"rememberme\" value=\"forever\" \/>\r\n                                <label for=\"rememberme\">Remember me<\/label>\r\n                            <\/div>\r\n                            <a href=\"https:\/\/lacitedesservices.fr\/fr\/forgot-password\/\" class=\"wr-password-clr_light\">Forgot password?<\/a>\r\n                        <\/div>\r\n                        <div class=\"form-group wr-form-btn\">\r\n                            <div class=\"wr-checkterm\">\r\n                                <button type=\"submit\" class=\"wr-btn wr-signin-now\">Sign In<\/button>\r\n                            <\/div>\r\n                                                        <div class=\"wr-form-action-footer\">\r\n                                                                    Don\u2019t have an account?                                    <a href=\"https:\/\/lacitedesservices.fr\/fr\/register\/\" class=\"wr-reg\">Sign up<\/a>\r\n                                                            <\/div>\r\n                        <\/div>\r\n                <\/fieldset>\r\n            <input type=\"hidden\" name=\"trp-form-language\" value=\"fr\"\/><\/form>\r\n        <\/div>\r\n    <\/div>\r\n<\/div>\r\n\r\n\t\t\t<\/div>\r\n\t\t\t\t\t\t<\/div>\n\t\t\t\t<\/div>\n\t\t\t\t\t<\/div>\n\t\t<\/div>\n\t\t\t\t\t<\/div>\n\t\t<\/section>\n\t\t\t\t<\/div>","protected":false},"excerpt":{"rendered":"","protected":false},"author":1,"featured_media":0,"parent":0,"menu_order":0,"comment_status":"closed","ping_status":"closed","template":"elementor_canvas","meta":{"_acf_changed":false,"footnotes":""},"class_list":["post-42","page","type-page","status-publish","hentry"],"acf":[],"_links":{"self":[{"href":"https:\/\/lacitedesservices.fr\/fr\/wp-json\/wp\/v2\/pages\/42","targetHints":{"allow":["GET"]}}],"collection":[{"href":"https:\/\/lacitedesservices.fr\/fr\/wp-json\/wp\/v2\/pages"}],"about":[{"href":"https:\/\/lacitedesservices.fr\/fr\/wp-json\/wp\/v2\/types\/page"}],"author":[{"embeddable":true,"href":"https:\/\/lacitedesservices.fr\/fr\/wp-json\/wp\/v2\/users\/1"}],"replies":[{"embeddable":true,"href":"https:\/\/lacitedesservices.fr\/fr\/wp-json\/wp\/v2\/comments?post=42"}],"version-history":[{"count":5,"href":"https:\/\/lacitedesservices.fr\/fr\/wp-json\/wp\/v2\/pages\/42\/revisions"}],"predecessor-version":[{"id":16159,"href":"https:\/\/lacitedesservices.fr\/fr\/wp-json\/wp\/v2\/pages\/42\/revisions\/16159"}],"wp:attachment":[{"href":"https:\/\/lacitedesservices.fr\/fr\/wp-json\/wp\/v2\/media?parent=42"}],"curies":[{"name":"wp","href":"https:\/\/api.w.org\/{rel}","templated":true}]}}