{"id":48,"date":"2024-04-22T12:24:58","date_gmt":"2024-04-22T12:24:58","guid":{"rendered":"https:\/\/workreap.amentotech.com\/?page_id=48"},"modified":"2025-10-05T18:22:40","modified_gmt":"2025-10-05T18:22:40","slug":"how-it-works","status":"publish","type":"page","link":"https:\/\/lacitedesservices.fr\/fr\/how-it-works\/","title":{"rendered":"Comment \u00e7a marche ?"},"content":{"rendered":"<div data-elementor-type=\"wp-page\" data-elementor-id=\"48\" class=\"elementor elementor-48\" data-elementor-post-type=\"page\">\n\t\t\t\t\t\t<section class=\"elementor-section elementor-top-section elementor-element elementor-element-eb4bd14 elementor-section-boxed elementor-section-height-default elementor-section-height-default\" data-id=\"eb4bd14\" data-element_type=\"section\" data-settings=\"{&quot;background_background&quot;:&quot;classic&quot;}\">\n\t\t\t\t\t\t<div class=\"elementor-container elementor-column-gap-default\">\n\t\t\t\t\t<div class=\"elementor-column elementor-col-50 elementor-top-column elementor-element elementor-element-c1b88f1\" data-id=\"c1b88f1\" data-element_type=\"column\">\n\t\t\t<div class=\"elementor-widget-wrap elementor-element-populated\">\n\t\t\t\t\t\t<div class=\"elementor-element elementor-element-13886e9 elementor-widget__width-inherit elementor-widget elementor-widget-image\" data-id=\"13886e9\" data-element_type=\"widget\" data-widget_type=\"image.default\">\n\t\t\t\t<div class=\"elementor-widget-container\">\n\t\t\t\t\t\t\t\t\t\t\t\t\t\t\t<img fetchpriority=\"high\" decoding=\"async\" width=\"1056\" height=\"992\" src=\"https:\/\/lacitedesservices.fr\/wp-content\/uploads\/2025\/10\/Gemini_Generated_Image_remh6nremh6nremh.png\" class=\"attachment-full size-full wp-image-16152\" alt=\"\" srcset=\"https:\/\/lacitedesservices.fr\/wp-content\/uploads\/2025\/10\/Gemini_Generated_Image_remh6nremh6nremh.png 1056w, https:\/\/lacitedesservices.fr\/wp-content\/uploads\/2025\/10\/Gemini_Generated_Image_remh6nremh6nremh-300x282.png 300w, https:\/\/lacitedesservices.fr\/wp-content\/uploads\/2025\/10\/Gemini_Generated_Image_remh6nremh6nremh-1024x962.png 1024w, https:\/\/lacitedesservices.fr\/wp-content\/uploads\/2025\/10\/Gemini_Generated_Image_remh6nremh6nremh-768x721.png 768w, https:\/\/lacitedesservices.fr\/wp-content\/uploads\/2025\/10\/Gemini_Generated_Image_remh6nremh6nremh-13x12.png 13w, https:\/\/lacitedesservices.fr\/wp-content\/uploads\/2025\/10\/Gemini_Generated_Image_remh6nremh6nremh-600x564.png 600w\" sizes=\"(max-width: 1056px) 100vw, 1056px\" \/>\t\t\t\t\t\t\t\t\t\t\t\t\t\t\t<\/div>\n\t\t\t\t<\/div>\n\t\t\t\t\t<\/div>\n\t\t<\/div>\n\t\t\t\t<div class=\"elementor-column elementor-col-50 elementor-top-column elementor-element elementor-element-ded4665\" data-id=\"ded4665\" data-element_type=\"column\">\n\t\t\t<div class=\"elementor-widget-wrap elementor-element-populated\">\n\t\t\t\t\t\t<div class=\"elementor-element elementor-element-7f282b7 elementor-widget elementor-widget-workreap-content-box\" data-id=\"7f282b7\" data-element_type=\"widget\" data-widget_type=\"workreap-content-box.default\">\n\t\t\t\t<div class=\"elementor-widget-container\">\n\t\t\t\t\t\t\t\t<div class=\"wr-content-box-wrapper wr-content-box-layout-3\">\r\n                                    <h6 class=\"wr-subtitle\">\u00c9tape #01<\/h6>\r\n                                \t\t\t\t\t<h2 class=\"wr-title\">Choisissez le meilleur service pour la r\u00e9alisation de votre t\u00e2che<\/h2>\r\n\t\t\t\t                                    <div class=\"wr-description\"><p>Avec La Cit\u00e9 des Services, trouvez rapidement la solution adapt\u00e9e \u00e0 vos besoins.<br \/>Qu\u2019il s\u2019agisse d\u2019une aide \u00e0 domicile, d\u2019un petit bricolage, d\u2019un accompagnement administratif ou simplement d\u2019un moment de convivialit\u00e9, vous acc\u00e9dez \u00e0 un r\u00e9seau de prestataires et de b\u00e9n\u00e9voles fiables et v\u00e9rifi\u00e9s.<\/p><\/div>\r\n                \t\t\t<\/div>\r\n\t\t\t\t\t\t<\/div>\n\t\t\t\t<\/div>\n\t\t\t\t<div class=\"elementor-element elementor-element-bcebc04 elementor-icon-list--layout-traditional elementor-list-item-link-full_width elementor-widget elementor-widget-icon-list\" data-id=\"bcebc04\" data-element_type=\"widget\" data-widget_type=\"icon-list.default\">\n\t\t\t\t<div class=\"elementor-widget-container\">\n\t\t\t\t\t\t\t<ul class=\"elementor-icon-list-items\">\n\t\t\t\t\t\t\t<li class=\"elementor-icon-list-item\">\n\t\t\t\t\t\t\t\t\t\t\t<span class=\"elementor-icon-list-icon\">\n\t\t\t\t\t\t\t<svg aria-hidden=\"true\" class=\"e-font-icon-svg e-fas-check-circle\" viewbox=\"0 0 512 512\" xmlns=\"http:\/\/www.w3.org\/2000\/svg\"><path d=\"M504 256c0 136.967-111.033 248-248 248S8 392.967 8 256 119.033 8 256 8s248 111.033 248 248zM227.314 387.314l184-184c6.248-6.248 6.248-16.379 0-22.627l-22.627-22.627c-6.248-6.249-16.379-6.249-22.628 0L216 308.118l-70.059-70.059c-6.248-6.248-16.379-6.248-22.628 0l-22.627 22.627c-6.248 6.248-6.248 16.379 0 22.627l104 104c6.249 6.249 16.379 6.249 22.628.001z\"><\/path><\/svg>\t\t\t\t\t\t<\/span>\n\t\t\t\t\t\t\t\t\t\t<span class=\"elementor-icon-list-text\">S\u00e9lection simple et intuitive<\/span>\n\t\t\t\t\t\t\t\t\t<\/li>\n\t\t\t\t\t\t\t\t<li class=\"elementor-icon-list-item\">\n\t\t\t\t\t\t\t\t\t\t\t<span class=\"elementor-icon-list-icon\">\n\t\t\t\t\t\t\t<svg aria-hidden=\"true\" class=\"e-font-icon-svg e-fas-check-circle\" viewbox=\"0 0 512 512\" xmlns=\"http:\/\/www.w3.org\/2000\/svg\"><path d=\"M504 256c0 136.967-111.033 248-248 248S8 392.967 8 256 119.033 8 256 8s248 111.033 248 248zM227.314 387.314l184-184c6.248-6.248 6.248-16.379 0-22.627l-22.627-22.627c-6.248-6.249-16.379-6.249-22.628 0L216 308.118l-70.059-70.059c-6.248-6.248-16.379-6.248-22.628 0l-22.627 22.627c-6.248 6.248-6.248 16.379 0 22.627l104 104c6.249 6.249 16.379 6.249 22.628.001z\"><\/path><\/svg>\t\t\t\t\t\t<\/span>\n\t\t\t\t\t\t\t\t\t\t<span class=\"elementor-icon-list-text\">Services de proximit\u00e9, adapt\u00e9s aux seniors<\/span>\n\t\t\t\t\t\t\t\t\t<\/li>\n\t\t\t\t\t\t\t\t<li class=\"elementor-icon-list-item\">\n\t\t\t\t\t\t\t\t\t\t\t<span class=\"elementor-icon-list-icon\">\n\t\t\t\t\t\t\t<svg aria-hidden=\"true\" class=\"e-font-icon-svg e-fas-check-circle\" viewbox=\"0 0 512 512\" xmlns=\"http:\/\/www.w3.org\/2000\/svg\"><path d=\"M504 256c0 136.967-111.033 248-248 248S8 392.967 8 256 119.033 8 256 8s248 111.033 248 248zM227.314 387.314l184-184c6.248-6.248 6.248-16.379 0-22.627l-22.627-22.627c-6.248-6.249-16.379-6.249-22.628 0L216 308.118l-70.059-70.059c-6.248-6.248-16.379-6.248-22.628 0l-22.627 22.627c-6.248 6.248-6.248 16.379 0 22.627l104 104c6.249 6.249 16.379 6.249 22.628.001z\"><\/path><\/svg>\t\t\t\t\t\t<\/span>\n\t\t\t\t\t\t\t\t\t\t<span class=\"elementor-icon-list-text\">Prestataires et b\u00e9n\u00e9voles \u00e9valu\u00e9s par la communaut\u00e9<\/span>\n\t\t\t\t\t\t\t\t\t<\/li>\n\t\t\t\t\t\t<\/ul>\n\t\t\t\t\t\t<\/div>\n\t\t\t\t<\/div>\n\t\t\t\t\t<\/div>\n\t\t<\/div>\n\t\t\t\t\t<\/div>\n\t\t<\/section>\n\t\t\t\t<section class=\"elementor-section elementor-top-section elementor-element elementor-element-9475c19 elementor-reverse-tablet elementor-reverse-mobile elementor-section-boxed elementor-section-height-default elementor-section-height-default\" data-id=\"9475c19\" data-element_type=\"section\" data-settings=\"{&quot;background_background&quot;:&quot;classic&quot;}\">\n\t\t\t\t\t\t<div class=\"elementor-container elementor-column-gap-default\">\n\t\t\t\t\t<div class=\"elementor-column elementor-col-50 elementor-top-column elementor-element elementor-element-61c81b4\" data-id=\"61c81b4\" data-element_type=\"column\">\n\t\t\t<div class=\"elementor-widget-wrap elementor-element-populated\">\n\t\t\t\t\t\t<div class=\"elementor-element elementor-element-05893c5 elementor-widget elementor-widget-workreap-content-box\" data-id=\"05893c5\" data-element_type=\"widget\" data-widget_type=\"workreap-content-box.default\">\n\t\t\t\t<div class=\"elementor-widget-container\">\n\t\t\t\t\t\t\t\t<div class=\"wr-content-box-wrapper wr-content-box-layout-3\">\r\n                                    <h6 class=\"wr-subtitle\">\u00c9tape #02<\/h6>\r\n                                \t\t\t\t\t<h2 class=\"wr-title\">Partagez les besoins de votre projet avec le prestataire de services<\/h2>\r\n\t\t\t\t                                    <div class=\"wr-description\"><p>D\u00e9crivez votre demande en quelques clics et \u00e9changez directement avec la personne qui prendra en charge la mission.<br \/>Chaque besoin est unique : gr\u00e2ce \u00e0 la plateforme, vous pouvez pr\u00e9ciser vos attentes (horaires, localisation, budget, fr\u00e9quence).<\/p><\/div>\r\n                \t\t\t<\/div>\r\n\t\t\t\t\t\t<\/div>\n\t\t\t\t<\/div>\n\t\t\t\t<div class=\"elementor-element elementor-element-131fbfb elementor-icon-list--layout-traditional elementor-list-item-link-full_width elementor-widget elementor-widget-icon-list\" data-id=\"131fbfb\" data-element_type=\"widget\" data-widget_type=\"icon-list.default\">\n\t\t\t\t<div class=\"elementor-widget-container\">\n\t\t\t\t\t\t\t<ul class=\"elementor-icon-list-items\">\n\t\t\t\t\t\t\t<li class=\"elementor-icon-list-item\">\n\t\t\t\t\t\t\t\t\t\t\t<span class=\"elementor-icon-list-icon\">\n\t\t\t\t\t\t\t<svg aria-hidden=\"true\" class=\"e-font-icon-svg e-fas-check-circle\" viewbox=\"0 0 512 512\" xmlns=\"http:\/\/www.w3.org\/2000\/svg\"><path d=\"M504 256c0 136.967-111.033 248-248 248S8 392.967 8 256 119.033 8 256 8s248 111.033 248 248zM227.314 387.314l184-184c6.248-6.248 6.248-16.379 0-22.627l-22.627-22.627c-6.248-6.249-16.379-6.249-22.628 0L216 308.118l-70.059-70.059c-6.248-6.248-16.379-6.248-22.628 0l-22.627 22.627c-6.248 6.248-6.248 16.379 0 22.627l104 104c6.249 6.249 16.379 6.249 22.628.001z\"><\/path><\/svg>\t\t\t\t\t\t<\/span>\n\t\t\t\t\t\t\t\t\t\t<span class=\"elementor-icon-list-text\">Vous gardez le contr\u00f4le de vos choix<\/span>\n\t\t\t\t\t\t\t\t\t<\/li>\n\t\t\t\t\t\t\t\t<li class=\"elementor-icon-list-item\">\n\t\t\t\t\t\t\t\t\t\t\t<span class=\"elementor-icon-list-icon\">\n\t\t\t\t\t\t\t<svg aria-hidden=\"true\" class=\"e-font-icon-svg e-fas-check-circle\" viewbox=\"0 0 512 512\" xmlns=\"http:\/\/www.w3.org\/2000\/svg\"><path d=\"M504 256c0 136.967-111.033 248-248 248S8 392.967 8 256 119.033 8 256 8s248 111.033 248 248zM227.314 387.314l184-184c6.248-6.248 6.248-16.379 0-22.627l-22.627-22.627c-6.248-6.249-16.379-6.249-22.628 0L216 308.118l-70.059-70.059c-6.248-6.248-16.379-6.248-22.628 0l-22.627 22.627c-6.248 6.248-6.248 16.379 0 22.627l104 104c6.249 6.249 16.379 6.249 22.628.001z\"><\/path><\/svg>\t\t\t\t\t\t<\/span>\n\t\t\t\t\t\t\t\t\t\t<span class=\"elementor-icon-list-text\">Transparence et confiance au c\u0153ur des \u00e9changes<\/span>\n\t\t\t\t\t\t\t\t\t<\/li>\n\t\t\t\t\t\t\t\t<li class=\"elementor-icon-list-item\">\n\t\t\t\t\t\t\t\t\t\t\t<span class=\"elementor-icon-list-icon\">\n\t\t\t\t\t\t\t<svg aria-hidden=\"true\" class=\"e-font-icon-svg e-fas-check-circle\" viewbox=\"0 0 512 512\" xmlns=\"http:\/\/www.w3.org\/2000\/svg\"><path d=\"M504 256c0 136.967-111.033 248-248 248S8 392.967 8 256 119.033 8 256 8s248 111.033 248 248zM227.314 387.314l184-184c6.248-6.248 6.248-16.379 0-22.627l-22.627-22.627c-6.248-6.249-16.379-6.249-22.628 0L216 308.118l-70.059-70.059c-6.248-6.248-16.379-6.248-22.628 0l-22.627 22.627c-6.248 6.248-6.248 16.379 0 22.627l104 104c6.249 6.249 16.379 6.249 22.628.001z\"><\/path><\/svg>\t\t\t\t\t\t<\/span>\n\t\t\t\t\t\t\t\t\t\t<span class=\"elementor-icon-list-text\">Une communication fluide pour plus de s\u00e9r\u00e9nit\u00e9<\/span>\n\t\t\t\t\t\t\t\t\t<\/li>\n\t\t\t\t\t\t<\/ul>\n\t\t\t\t\t\t<\/div>\n\t\t\t\t<\/div>\n\t\t\t\t\t<\/div>\n\t\t<\/div>\n\t\t\t\t<div class=\"elementor-column elementor-col-50 elementor-top-column elementor-element elementor-element-8f5fcca\" data-id=\"8f5fcca\" data-element_type=\"column\">\n\t\t\t<div class=\"elementor-widget-wrap elementor-element-populated\">\n\t\t\t\t\t\t<div class=\"elementor-element elementor-element-4e1982a elementor-widget__width-inherit elementor-widget elementor-widget-image\" data-id=\"4e1982a\" data-element_type=\"widget\" data-widget_type=\"image.default\">\n\t\t\t\t<div class=\"elementor-widget-container\">\n\t\t\t\t\t\t\t\t\t\t\t\t\t\t\t<img decoding=\"async\" width=\"1152\" height=\"896\" src=\"https:\/\/lacitedesservices.fr\/wp-content\/uploads\/2025\/10\/Gemini_Generated_Image_de2qgfde2qgfde2q.png\" class=\"attachment-full size-full wp-image-16151\" alt=\"\" srcset=\"https:\/\/lacitedesservices.fr\/wp-content\/uploads\/2025\/10\/Gemini_Generated_Image_de2qgfde2qgfde2q.png 1152w, https:\/\/lacitedesservices.fr\/wp-content\/uploads\/2025\/10\/Gemini_Generated_Image_de2qgfde2qgfde2q-300x233.png 300w, https:\/\/lacitedesservices.fr\/wp-content\/uploads\/2025\/10\/Gemini_Generated_Image_de2qgfde2qgfde2q-1024x796.png 1024w, https:\/\/lacitedesservices.fr\/wp-content\/uploads\/2025\/10\/Gemini_Generated_Image_de2qgfde2qgfde2q-768x597.png 768w, https:\/\/lacitedesservices.fr\/wp-content\/uploads\/2025\/10\/Gemini_Generated_Image_de2qgfde2qgfde2q-15x12.png 15w, https:\/\/lacitedesservices.fr\/wp-content\/uploads\/2025\/10\/Gemini_Generated_Image_de2qgfde2qgfde2q-600x467.png 600w\" sizes=\"(max-width: 1152px) 100vw, 1152px\" \/>\t\t\t\t\t\t\t\t\t\t\t\t\t\t\t<\/div>\n\t\t\t\t<\/div>\n\t\t\t\t\t<\/div>\n\t\t<\/div>\n\t\t\t\t\t<\/div>\n\t\t<\/section>\n\t\t\t\t<section class=\"elementor-section elementor-top-section elementor-element elementor-element-6cc2f1c elementor-section-boxed elementor-section-height-default elementor-section-height-default\" data-id=\"6cc2f1c\" data-element_type=\"section\" data-settings=\"{&quot;background_background&quot;:&quot;classic&quot;}\">\n\t\t\t\t\t\t<div class=\"elementor-container elementor-column-gap-default\">\n\t\t\t\t\t<div class=\"elementor-column elementor-col-50 elementor-top-column elementor-element elementor-element-64f8841\" data-id=\"64f8841\" data-element_type=\"column\">\n\t\t\t<div class=\"elementor-widget-wrap elementor-element-populated\">\n\t\t\t\t\t\t<div class=\"elementor-element elementor-element-d52ed28 elementor-widget__width-inherit elementor-widget elementor-widget-image\" data-id=\"d52ed28\" data-element_type=\"widget\" data-widget_type=\"image.default\">\n\t\t\t\t<div class=\"elementor-widget-container\">\n\t\t\t\t\t\t\t\t\t\t\t\t\t\t\t<img decoding=\"async\" width=\"1024\" height=\"1024\" src=\"https:\/\/lacitedesservices.fr\/wp-content\/uploads\/2025\/10\/Gemini_Generated_Image_2xtrz52xtrz52xtr.png\" class=\"attachment-full size-full wp-image-16150\" alt=\"\" srcset=\"https:\/\/lacitedesservices.fr\/wp-content\/uploads\/2025\/10\/Gemini_Generated_Image_2xtrz52xtrz52xtr.png 1024w, https:\/\/lacitedesservices.fr\/wp-content\/uploads\/2025\/10\/Gemini_Generated_Image_2xtrz52xtrz52xtr-300x300.png 300w, https:\/\/lacitedesservices.fr\/wp-content\/uploads\/2025\/10\/Gemini_Generated_Image_2xtrz52xtrz52xtr-150x150.png 150w, https:\/\/lacitedesservices.fr\/wp-content\/uploads\/2025\/10\/Gemini_Generated_Image_2xtrz52xtrz52xtr-768x768.png 768w, https:\/\/lacitedesservices.fr\/wp-content\/uploads\/2025\/10\/Gemini_Generated_Image_2xtrz52xtrz52xtr-12x12.png 12w, https:\/\/lacitedesservices.fr\/wp-content\/uploads\/2025\/10\/Gemini_Generated_Image_2xtrz52xtrz52xtr-200x200.png 200w, https:\/\/lacitedesservices.fr\/wp-content\/uploads\/2025\/10\/Gemini_Generated_Image_2xtrz52xtrz52xtr-164x164.png 164w, https:\/\/lacitedesservices.fr\/wp-content\/uploads\/2025\/10\/Gemini_Generated_Image_2xtrz52xtrz52xtr-100x100.png 100w, https:\/\/lacitedesservices.fr\/wp-content\/uploads\/2025\/10\/Gemini_Generated_Image_2xtrz52xtrz52xtr-50x50.png 50w, https:\/\/lacitedesservices.fr\/wp-content\/uploads\/2025\/10\/Gemini_Generated_Image_2xtrz52xtrz52xtr-600x600.png 600w\" sizes=\"(max-width: 1024px) 100vw, 1024px\" \/>\t\t\t\t\t\t\t\t\t\t\t\t\t\t\t<\/div>\n\t\t\t\t<\/div>\n\t\t\t\t\t<\/div>\n\t\t<\/div>\n\t\t\t\t<div class=\"elementor-column elementor-col-50 elementor-top-column elementor-element elementor-element-43431e5\" data-id=\"43431e5\" data-element_type=\"column\">\n\t\t\t<div class=\"elementor-widget-wrap elementor-element-populated\">\n\t\t\t\t\t\t<div class=\"elementor-element elementor-element-9e476f6 elementor-widget elementor-widget-workreap-content-box\" data-id=\"9e476f6\" data-element_type=\"widget\" data-widget_type=\"workreap-content-box.default\">\n\t\t\t\t<div class=\"elementor-widget-container\">\n\t\t\t\t\t\t\t\t<div class=\"wr-content-box-wrapper wr-content-box-layout-3\">\r\n                                    <h6 class=\"wr-subtitle\">\u00c9tape #03<\/h6>\r\n                                \t\t\t\t\t<h2 class=\"wr-title\">Faites-le \u00e0 temps, partagez vos commentaires et recommencez.<\/h2>\r\n\t\t\t\t                                    <div class=\"wr-description\"><p>Apr\u00e8s chaque service rendu, laissez votre avis et contribuez \u00e0 renforcer la confiance entre les membres.<br \/>Votre retour aide la communaut\u00e9 \u00e0 grandir et \u00e0 s\u2019am\u00e9liorer en continu.<\/p><\/div>\r\n                \t\t\t<\/div>\r\n\t\t\t\t\t\t<\/div>\n\t\t\t\t<\/div>\n\t\t\t\t<div class=\"elementor-element elementor-element-80cb3f2 elementor-icon-list--layout-traditional elementor-list-item-link-full_width elementor-widget elementor-widget-icon-list\" data-id=\"80cb3f2\" data-element_type=\"widget\" data-widget_type=\"icon-list.default\">\n\t\t\t\t<div class=\"elementor-widget-container\">\n\t\t\t\t\t\t\t<ul class=\"elementor-icon-list-items\">\n\t\t\t\t\t\t\t<li class=\"elementor-icon-list-item\">\n\t\t\t\t\t\t\t\t\t\t\t<span class=\"elementor-icon-list-icon\">\n\t\t\t\t\t\t\t<svg aria-hidden=\"true\" class=\"e-font-icon-svg e-fas-check-circle\" viewbox=\"0 0 512 512\" xmlns=\"http:\/\/www.w3.org\/2000\/svg\"><path d=\"M504 256c0 136.967-111.033 248-248 248S8 392.967 8 256 119.033 8 256 8s248 111.033 248 248zM227.314 387.314l184-184c6.248-6.248 6.248-16.379 0-22.627l-22.627-22.627c-6.248-6.249-16.379-6.249-22.628 0L216 308.118l-70.059-70.059c-6.248-6.248-16.379-6.248-22.628 0l-22.627 22.627c-6.248 6.248-6.248 16.379 0 22.627l104 104c6.249 6.249 16.379 6.249 22.628.001z\"><\/path><\/svg>\t\t\t\t\t\t<\/span>\n\t\t\t\t\t\t\t\t\t\t<span class=\"elementor-icon-list-text\">Une \u00e9valuation simple et rapide<\/span>\n\t\t\t\t\t\t\t\t\t<\/li>\n\t\t\t\t\t\t\t\t<li class=\"elementor-icon-list-item\">\n\t\t\t\t\t\t\t\t\t\t\t<span class=\"elementor-icon-list-icon\">\n\t\t\t\t\t\t\t<svg aria-hidden=\"true\" class=\"e-font-icon-svg e-fas-check-circle\" viewbox=\"0 0 512 512\" xmlns=\"http:\/\/www.w3.org\/2000\/svg\"><path d=\"M504 256c0 136.967-111.033 248-248 248S8 392.967 8 256 119.033 8 256 8s248 111.033 248 248zM227.314 387.314l184-184c6.248-6.248 6.248-16.379 0-22.627l-22.627-22.627c-6.248-6.249-16.379-6.249-22.628 0L216 308.118l-70.059-70.059c-6.248-6.248-16.379-6.248-22.628 0l-22.627 22.627c-6.248 6.248-6.248 16.379 0 22.627l104 104c6.249 6.249 16.379 6.249 22.628.001z\"><\/path><\/svg>\t\t\t\t\t\t<\/span>\n\t\t\t\t\t\t\t\t\t\t<span class=\"elementor-icon-list-text\"> La possibilit\u00e9 de recommander vos prestataires pr\u00e9f\u00e9r\u00e9s<\/span>\n\t\t\t\t\t\t\t\t\t<\/li>\n\t\t\t\t\t\t\t\t<li class=\"elementor-icon-list-item\">\n\t\t\t\t\t\t\t\t\t\t\t<span class=\"elementor-icon-list-icon\">\n\t\t\t\t\t\t\t<svg aria-hidden=\"true\" class=\"e-font-icon-svg e-fas-check-circle\" viewbox=\"0 0 512 512\" xmlns=\"http:\/\/www.w3.org\/2000\/svg\"><path d=\"M504 256c0 136.967-111.033 248-248 248S8 392.967 8 256 119.033 8 256 8s248 111.033 248 248zM227.314 387.314l184-184c6.248-6.248 6.248-16.379 0-22.627l-22.627-22.627c-6.248-6.249-16.379-6.249-22.628 0L216 308.118l-70.059-70.059c-6.248-6.248-16.379-6.248-22.628 0l-22.627 22.627c-6.248 6.248-6.248 16.379 0 22.627l104 104c6.249 6.249 16.379 6.249 22.628.001z\"><\/path><\/svg>\t\t\t\t\t\t<\/span>\n\t\t\t\t\t\t\t\t\t\t<span class=\"elementor-icon-list-text\"> Des services toujours plus fiables, accessibles et adapt\u00e9s<\/span>\n\t\t\t\t\t\t\t\t\t<\/li>\n\t\t\t\t\t\t<\/ul>\n\t\t\t\t\t\t<\/div>\n\t\t\t\t<\/div>\n\t\t\t\t\t<\/div>\n\t\t<\/div>\n\t\t\t\t\t<\/div>\n\t\t<\/section>\n\t\t\t\t<\/div>","protected":false},"excerpt":{"rendered":"<p>\u00c9tape #01 Choisissez le meilleur service pour la r\u00e9alisation de votre t\u00e2che Avec La Cit\u00e9 des Services, trouvez rapidement la solution adapt\u00e9e \u00e0 vos besoins.Qu\u2019il s\u2019agisse d\u2019une aide \u00e0 domicile, d\u2019un petit bricolage, d\u2019un accompagnement administratif ou simplement d\u2019un moment de convivialit\u00e9, vous acc\u00e9dez \u00e0 un r\u00e9seau de prestataires et de&#8230;<\/p>","protected":false},"author":1,"featured_media":0,"parent":0,"menu_order":0,"comment_status":"closed","ping_status":"closed","template":"elementor_header_footer","meta":{"_acf_changed":false,"footnotes":""},"class_list":["post-48","page","type-page","status-publish","hentry"],"acf":[],"_links":{"self":[{"href":"https:\/\/lacitedesservices.fr\/fr\/wp-json\/wp\/v2\/pages\/48","targetHints":{"allow":["GET"]}}],"collection":[{"href":"https:\/\/lacitedesservices.fr\/fr\/wp-json\/wp\/v2\/pages"}],"about":[{"href":"https:\/\/lacitedesservices.fr\/fr\/wp-json\/wp\/v2\/types\/page"}],"author":[{"embeddable":true,"href":"https:\/\/lacitedesservices.fr\/fr\/wp-json\/wp\/v2\/users\/1"}],"replies":[{"embeddable":true,"href":"https:\/\/lacitedesservices.fr\/fr\/wp-json\/wp\/v2\/comments?post=48"}],"version-history":[{"count":5,"href":"https:\/\/lacitedesservices.fr\/fr\/wp-json\/wp\/v2\/pages\/48\/revisions"}],"predecessor-version":[{"id":16155,"href":"https:\/\/lacitedesservices.fr\/fr\/wp-json\/wp\/v2\/pages\/48\/revisions\/16155"}],"wp:attachment":[{"href":"https:\/\/lacitedesservices.fr\/fr\/wp-json\/wp\/v2\/media?parent=48"}],"curies":[{"name":"wp","href":"https:\/\/api.w.org\/{rel}","templated":true}]}}